{"id":82,"date":"2014-10-05T10:08:15","date_gmt":"2014-10-05T10:08:15","guid":{"rendered":"http:\/\/www.puttisworld.com\/?page_id=82"},"modified":"2014-10-05T10:08:15","modified_gmt":"2014-10-05T10:08:15","slug":"yritys","status":"publish","type":"page","link":"https:\/\/www.puttisworld.com\/?page_id=82&lang=fi","title":{"rendered":"Yritys"},"content":{"rendered":"<p>Puttisworld.com on verkkosivusto lentokentist\u00e4, matka-ja lomakohteisiin. Puttisworld.com perustettiin 25 syyskuu 2014 Michelle Andrews. Michelle on matkustanut kaikki maailman mantereella ja monet suosituimmista lomakohteista. T\u00e4ll\u00e4 hetkell\u00e4 on vain v\u00e4h\u00e4n tietoa blogissa, mutta varmista k\u00e4ym\u00e4\u00e4n uudestaan \u200b\u200bl\u00e4hitulevaisuudessa p\u00e4ivitetyn sis\u00e4ll\u00f6n.<\/p>\n","protected":false},"excerpt":{"rendered":"<p>Puttisworld.com on verkkosivusto lentokentist\u00e4, matka-ja lomakohteisiin. Puttisworld.com perustettiin 25 syyskuu 2014 Michelle Andrews. Michelle on matkustanut kaikki maailman mantereella ja monet suosituimmista lomakohteista. T\u00e4ll\u00e4 hetkell\u00e4 on vain v\u00e4h\u00e4n tietoa blogissa, <a href=\"https:\/\/www.puttisworld.com\/?page_id=82&#038;lang=fi\">&#8230;Read more<\/a><\/p>\n","protected":false},"author":2,"featured_media":0,"parent":0,"menu_order":0,"comment_status":"open","ping_status":"open","template":"","meta":{"footnotes":""},"class_list":["post-82","page","type-page","status-publish","hentry"],"_links":{"self":[{"href":"https:\/\/www.puttisworld.com\/index.php?rest_route=\/wp\/v2\/pages\/82","targetHints":{"allow":["GET"]}}],"collection":[{"href":"https:\/\/www.puttisworld.com\/index.php?rest_route=\/wp\/v2\/pages"}],"about":[{"href":"https:\/\/www.puttisworld.com\/index.php?rest_route=\/wp\/v2\/types\/page"}],"author":[{"embeddable":true,"href":"https:\/\/www.puttisworld.com\/index.php?rest_route=\/wp\/v2\/users\/2"}],"replies":[{"embeddable":true,"href":"https:\/\/www.puttisworld.com\/index.php?rest_route=%2Fwp%2Fv2%2Fcomments&post=82"}],"version-history":[{"count":1,"href":"https:\/\/www.puttisworld.com\/index.php?rest_route=\/wp\/v2\/pages\/82\/revisions"}],"predecessor-version":[{"id":83,"href":"https:\/\/www.puttisworld.com\/index.php?rest_route=\/wp\/v2\/pages\/82\/revisions\/83"}],"wp:attachment":[{"href":"https:\/\/www.puttisworld.com\/index.php?rest_route=%2Fwp%2Fv2%2Fmedia&parent=82"}],"curies":[{"name":"wp","href":"https:\/\/api.w.org\/{rel}","templated":true}]}}