{"id":65,"date":"2014-10-05T09:54:40","date_gmt":"2014-10-05T09:54:40","guid":{"rendered":"http:\/\/www.puttisworld.com\/?page_id=65"},"modified":"2014-10-05T09:54:40","modified_gmt":"2014-10-05T09:54:40","slug":"profil","status":"publish","type":"page","link":"https:\/\/www.puttisworld.com\/?page_id=65&lang=fr","title":{"rendered":"Profil"},"content":{"rendered":"<p>Puttisworld.com est un site web sur les a\u00e9roports, Voyage et des destinations de vacances. Puttisworld.com a \u00e9t\u00e9 fond\u00e9e le 25 Septembre 2014 en Michelle Andrews. Michelle a voyag\u00e9 dans le continent de tous le monde et \u00e0 la plupart des destinations les plus populaires de vacances. Pour le moment il ya peu d&#8217;informations sur le blog, mais assurez-vous de nous rendre visite \u00e0 nouveau dans un proche avenir pour le contenu mis \u00e0 jour.<\/p>\n","protected":false},"excerpt":{"rendered":"<p>Puttisworld.com est un site web sur les a\u00e9roports, Voyage et des destinations de vacances. Puttisworld.com a \u00e9t\u00e9 fond\u00e9e le 25 Septembre 2014 en Michelle Andrews. Michelle a voyag\u00e9 dans le <a href=\"https:\/\/www.puttisworld.com\/?page_id=65&#038;lang=fr\">&#8230;Read more<\/a><\/p>\n","protected":false},"author":2,"featured_media":0,"parent":0,"menu_order":0,"comment_status":"open","ping_status":"open","template":"","meta":{"footnotes":""},"class_list":["post-65","page","type-page","status-publish","hentry"],"_links":{"self":[{"href":"https:\/\/www.puttisworld.com\/index.php?rest_route=\/wp\/v2\/pages\/65","targetHints":{"allow":["GET"]}}],"collection":[{"href":"https:\/\/www.puttisworld.com\/index.php?rest_route=\/wp\/v2\/pages"}],"about":[{"href":"https:\/\/www.puttisworld.com\/index.php?rest_route=\/wp\/v2\/types\/page"}],"author":[{"embeddable":true,"href":"https:\/\/www.puttisworld.com\/index.php?rest_route=\/wp\/v2\/users\/2"}],"replies":[{"embeddable":true,"href":"https:\/\/www.puttisworld.com\/index.php?rest_route=%2Fwp%2Fv2%2Fcomments&post=65"}],"version-history":[{"count":1,"href":"https:\/\/www.puttisworld.com\/index.php?rest_route=\/wp\/v2\/pages\/65\/revisions"}],"predecessor-version":[{"id":66,"href":"https:\/\/www.puttisworld.com\/index.php?rest_route=\/wp\/v2\/pages\/65\/revisions\/66"}],"wp:attachment":[{"href":"https:\/\/www.puttisworld.com\/index.php?rest_route=%2Fwp%2Fv2%2Fmedia&parent=65"}],"curies":[{"name":"wp","href":"https:\/\/api.w.org\/{rel}","templated":true}]}}