{"id":48,"date":"2014-10-05T09:42:12","date_gmt":"2014-10-05T09:42:12","guid":{"rendered":"http:\/\/www.puttisworld.com\/?page_id=48"},"modified":"2014-10-05T09:42:12","modified_gmt":"2014-10-05T09:42:12","slug":"om-os","status":"publish","type":"page","link":"https:\/\/www.puttisworld.com\/?page_id=48&lang=da","title":{"rendered":"Om os"},"content":{"rendered":"<p>Puttisworld.com er en hjemmeside om lufthavne, rejser og feriedestinationer. Puttisworld.com blev grundlagt p\u00e5 25 September 2014 af Michelle Andrews. Michelle har rejst til alverdens kontinent og til mange af de mest popul\u00e6re feriem\u00e5l. I \u00f8jeblikket er der ikke meget information p\u00e5 bloggen, men s\u00f8rg for at bes\u00f8ge os igen i den n\u00e6rmeste fremtid for opdateret indhold.<\/p>\n","protected":false},"excerpt":{"rendered":"<p>Puttisworld.com er en hjemmeside om lufthavne, rejser og feriedestinationer. Puttisworld.com blev grundlagt p\u00e5 25 September 2014 af Michelle Andrews. Michelle har rejst til alverdens kontinent og til mange af de <a href=\"https:\/\/www.puttisworld.com\/?page_id=48&#038;lang=da\">&#8230;Read more<\/a><\/p>\n","protected":false},"author":2,"featured_media":0,"parent":0,"menu_order":0,"comment_status":"open","ping_status":"open","template":"","meta":{"footnotes":""},"class_list":["post-48","page","type-page","status-publish","hentry"],"_links":{"self":[{"href":"https:\/\/www.puttisworld.com\/index.php?rest_route=\/wp\/v2\/pages\/48","targetHints":{"allow":["GET"]}}],"collection":[{"href":"https:\/\/www.puttisworld.com\/index.php?rest_route=\/wp\/v2\/pages"}],"about":[{"href":"https:\/\/www.puttisworld.com\/index.php?rest_route=\/wp\/v2\/types\/page"}],"author":[{"embeddable":true,"href":"https:\/\/www.puttisworld.com\/index.php?rest_route=\/wp\/v2\/users\/2"}],"replies":[{"embeddable":true,"href":"https:\/\/www.puttisworld.com\/index.php?rest_route=%2Fwp%2Fv2%2Fcomments&post=48"}],"version-history":[{"count":1,"href":"https:\/\/www.puttisworld.com\/index.php?rest_route=\/wp\/v2\/pages\/48\/revisions"}],"predecessor-version":[{"id":49,"href":"https:\/\/www.puttisworld.com\/index.php?rest_route=\/wp\/v2\/pages\/48\/revisions\/49"}],"wp:attachment":[{"href":"https:\/\/www.puttisworld.com\/index.php?rest_route=%2Fwp%2Fv2%2Fmedia&parent=48"}],"curies":[{"name":"wp","href":"https:\/\/api.w.org\/{rel}","templated":true}]}}